{"id":979,"date":"2014-11-07T16:46:05","date_gmt":"2014-11-07T15:46:05","guid":{"rendered":"https:\/\/www.gites-en-alsace.com\/unsere-gites-befinden-sich-in-der-stadt-turckheim\/"},"modified":"2023-09-20T12:21:30","modified_gmt":"2023-09-20T11:21:30","slug":"unsere-gites-befinden-sich-in-der-stadt-turckheim","status":"publish","type":"page","link":"https:\/\/www.gites-en-alsace.com\/de\/unsere-gites-befinden-sich-in-der-stadt-turckheim\/","title":{"rendered":"Unsere G\u00eetes befinden sich in der Stadt Turckheim."},"content":{"rendered":"<h2>Die Runde des Nachtw\u00e4chters von Turckheim :<\/h2>\n<p>Seien Sie dabei, wenn der letzte echte Nachtw\u00e4chter des Elsass in Turckheim seine Runden dreht. Jeden Abend k\u00f6nnen Sie ihn in einem historischen Kost\u00fcm mit Hellebarde, Dreispitz und Laterne auf seiner Runde begleiten. Ein echter Einblick in die Geschichte!<\/p>\n<h2 class=\"no-marg-top\">Kontaktdaten des Fremdenverkehrsamtes :<\/h2>\n<p>Wickramstra\u00dfe &#8211; Wachhaus<br \/>\n68230 Turckheim<\/p>\n<p><strong>Tel.:<\/strong> 03 89 27 38 44<br \/>\n<strong>Fax:<\/strong> 03 89 80 83 22<br \/>\n<strong>E-Mail:<\/strong> officedetourisme@turckheim.com<\/p>\n<h3>\u00d6ffnungszeiten :<\/h3>\n<h4>September bis Juni<\/h4>\n<p>Montag bis Freitag: 9h-12h \/ 13h30-18h<br \/>\nSamstag: 9h-12h \/ 14h-17h<\/p>\n<h4>Juli-August<\/h4>\n<p>Montag bis Freitag: 9h-12h \/ 13h30-18h<br \/>\nSamstag: 9h-12h \/ 14h-17h<br \/>\nSonntag: 10-12 Uhr<\/p>\n<hr>\n<h2>  Historische Monumente :<\/h2>\n<h3>Das Tor von Frankreich<\/h3>\n<p>Urspr\u00fcnglich diente die Porte de France dem wirtschaftlichen Austausch Turckheims, haupts\u00e4chlich mit der Schweiz. Sie stammt im unteren Teil aus dem Jahr 1330 und wurde im Laufe der Geschichte mehrmals ver\u00e4ndert.<\/p>\n<h3>Das Munstertor<\/h3>\n<p>Das Munstertor wurde im 14. Jahrhundert erbaut und markiert vor allem die Geschichte der Hexerei, denn durch dieses Tor gelangten die Gefolterten in die Wann, wo sie hingerichtet wurden.<br \/>\nDie mit Jakobsmuscheln verzierten Fenster zeugen jedoch von einer weniger m\u00f6rderischen Funktion, die auf eine Zwischenstation auf dem Weg nach Santiago de Compostela schlie\u00dfen l\u00e4sst. Die Porte de Munster sollte auch vor Gewitter warnen, wie die Glocke unter ihrem kleinen, noch intakten Glockenturm zeigt.<\/p>\n<p>Das Haus <a title=\"Ferienh\u00e4user mit Charme - Le Chemin de Ronde\" href=\"http:\/\/www.gites-en-alsace.com\/gites\/\">Le Chemin de Ronde<\/a> ist an das Munstertor angebaut.<\/p>\n<h3>Das Tor von Brand<\/h3>\n<p>Von den drei Toren, die Turckheim umschlossen, hatte das Brandtor die defensivste Funktion. Das Brandtor verf\u00fcgte \u00fcber ein Fallgitter, eine Zugbr\u00fccke \u00fcber einen Graben und zwei Fl\u00fcgelt\u00fcren, die au\u00dfer w\u00e4hrend der Weinlese sorgf\u00e4ltig geschlossen gehalten wurden. Im Jahr 1843 wurde das Brandtor umfassend renoviert und mit einer Wetterfahne von J.B. Hun versehen. Im Jahr 2006 fand eine weitere Renovierung statt, sowohl innen als auch au\u00dfen.<\/p>\n<h3>Kirche<\/h3>\n<p>Die erste Erw\u00e4hnung eines christlichen Heiligtums in Turckheim geht auf das Jahr 898 zur\u00fcck. Jahrhundert einem romanischen Geb\u00e4ude Platz machen, von dem nur noch der pr\u00e4chtige Glockenturm erhalten ist. Die heutige Kirche wurde zwischen 1834 und 1839 erbaut. Sie wurde nach einem Brand am 6. Juli 1978 restauriert.<\/p>\n<h3>Glockenturm von Turckheim<\/h3>\n<p>Letzter \u00dcberrest des romanischen Geb\u00e4udes. Er besteht aus f\u00fcnf Ebenen. Die Basis stammt aus dem Jahr 1190 und umfasst das romanische Eingangstor mit dem ersten Joch der Kirche, die heute als Taufkapelle dient. Sie wurde 1983 restauriert und beherbergt zahlreiche Statuen aus verschiedenen Epochen wie die Heilige Anna, Schutzpatronin der Gemeinde, den Heiligen Urban, Schutzpatron unserer Winzer, den Auferstandenen Christus, den Heiligen Nikolaus, die Heilige Barbara, die Heilige Margarete, die Heilige Richarde, den Heiligen Arbogast, den Heiligen Matern, einen Kalvarienberg, das Gem\u00e4lde des Heiligen Jakobus, des Pilgers von Compostela, das jetzt im Kirchenschiff links vom Chor zu sehen ist&#8230;<\/p>\n<h3>Das Rathaus<\/h3>\n<p>Das Geb\u00e4ude im Stil des 17. Jahrhunderts war einst Sitz des Gerichtspr\u00e4sidiums der alten Kaiserstadt. Der Stall und die angrenzenden Geb\u00e4ude verschwanden um 1860; der Saal im Erdgeschoss diente lange Zeit als Ballsaal!Bei der Restaurierung wurden zwei gotische und eine romanische Mauer freigelegt.<\/p>\n<p>Das alte schmiedeeiserne Gel\u00e4nder wurde durch eine Balustrade aus Rouffacher Sandstein ersetzt.<\/p>\n","protected":false},"excerpt":{"rendered":"<p>Die Runde des Nachtw\u00e4chters von Turckheim : Seien Sie dabei, wenn der letzte echte Nachtw\u00e4chter des Elsass in Turckheim seine Runden dreht. Jeden Abend k\u00f6nnen Sie ihn in einem historischen Kost\u00fcm mit Hellebarde, Dreispitz und Laterne auf seiner Runde begleiten. Ein echter Einblick in die Geschichte! Kontaktdaten des Fremdenverkehrsamtes : Wickramstra\u00dfe &#8211; Wachhaus 68230 Turckheim &hellip; <a href=\"https:\/\/www.gites-en-alsace.com\/de\/unsere-gites-befinden-sich-in-der-stadt-turckheim\/\">Continued<\/a><\/p>\n","protected":false},"author":1,"featured_media":708,"parent":0,"menu_order":0,"comment_status":"open","ping_status":"open","template":"template-diaporama.php","meta":{"footnotes":""},"class_list":["post-979","page","type-page","status-publish","has-post-thumbnail","hentry"],"yoast_head":"<!-- This site is optimized with the Yoast SEO plugin v27.5 - https:\/\/yoast.com\/product\/yoast-seo-wordpress\/ -->\n<title>Aufenthalt in Turckheim - Unterk\u00fcnfte Le Chemin de Ronde<\/title>\n<meta name=\"description\" content=\"Das Haus &quot;Le Chemin de Ronde&quot; ist an das Munstertor angebaut. Seien Sie dabei, wenn der letzte echte Nachtw\u00e4chter des Elsass in Turckheim seine Runden dreht.\" \/>\n<meta name=\"robots\" content=\"index, follow, max-snippet:-1, max-image-preview:large, max-video-preview:-1\" \/>\n<link rel=\"canonical\" href=\"https:\/\/www.gites-en-alsace.com\/de\/unsere-gites-befinden-sich-in-der-stadt-turckheim\/\" \/>\n<meta property=\"og:locale\" content=\"de_DE\" \/>\n<meta property=\"og:type\" content=\"article\" \/>\n<meta property=\"og:title\" content=\"Aufenthalt in Turckheim - Unterk\u00fcnfte Le Chemin de Ronde\" \/>\n<meta property=\"og:description\" content=\"Das Haus &quot;Le Chemin de Ronde&quot; ist an das Munstertor angebaut. Seien Sie dabei, wenn der letzte echte Nachtw\u00e4chter des Elsass in Turckheim seine Runden dreht.\" \/>\n<meta property=\"og:url\" content=\"https:\/\/www.gites-en-alsace.com\/de\/unsere-gites-befinden-sich-in-der-stadt-turckheim\/\" \/>\n<meta property=\"og:site_name\" content=\"Ferienwohnungen in Elsass - Le Chemin de Ronde\" \/>\n<meta property=\"article:publisher\" content=\"https:\/\/www.facebook.com\/chemin.de.ronde\" \/>\n<meta property=\"article:modified_time\" content=\"2023-09-20T11:21:30+00:00\" \/>\n<meta property=\"og:image\" content=\"https:\/\/www.gites-en-alsace.com\/wp-content\/uploads\/2014\/11\/gite-veilleur-turckheim-alsace-vue-du-balcon.jpg\" \/>\n\t<meta property=\"og:image:width\" content=\"900\" \/>\n\t<meta property=\"og:image:height\" content=\"460\" \/>\n\t<meta property=\"og:image:type\" content=\"image\/jpeg\" \/>\n<meta name=\"twitter:label1\" content=\"Gesch\u00e4tzte Lesezeit\" \/>\n\t<meta name=\"twitter:data1\" content=\"3\u00a0Minuten\" \/>\n<script type=\"application\/ld+json\" class=\"yoast-schema-graph\">{\"@context\":\"https:\\\/\\\/schema.org\",\"@graph\":[{\"@type\":\"WebPage\",\"@id\":\"https:\\\/\\\/www.gites-en-alsace.com\\\/de\\\/unsere-gites-befinden-sich-in-der-stadt-turckheim\\\/\",\"url\":\"https:\\\/\\\/www.gites-en-alsace.com\\\/de\\\/unsere-gites-befinden-sich-in-der-stadt-turckheim\\\/\",\"name\":\"Aufenthalt in Turckheim - Unterk\u00fcnfte Le Chemin de Ronde\",\"isPartOf\":{\"@id\":\"https:\\\/\\\/www.gites-en-alsace.com\\\/de\\\/#website\"},\"primaryImageOfPage\":{\"@id\":\"https:\\\/\\\/www.gites-en-alsace.com\\\/de\\\/unsere-gites-befinden-sich-in-der-stadt-turckheim\\\/#primaryimage\"},\"image\":{\"@id\":\"https:\\\/\\\/www.gites-en-alsace.com\\\/de\\\/unsere-gites-befinden-sich-in-der-stadt-turckheim\\\/#primaryimage\"},\"thumbnailUrl\":\"https:\\\/\\\/www.gites-en-alsace.com\\\/wp-content\\\/uploads\\\/2014\\\/11\\\/gite-veilleur-turckheim-alsace-vue-du-balcon.jpg\",\"datePublished\":\"2014-11-07T15:46:05+00:00\",\"dateModified\":\"2023-09-20T11:21:30+00:00\",\"description\":\"Das Haus \\\"Le Chemin de Ronde\\\" ist an das Munstertor angebaut. Seien Sie dabei, wenn der letzte echte Nachtw\u00e4chter des Elsass in Turckheim seine Runden dreht.\",\"breadcrumb\":{\"@id\":\"https:\\\/\\\/www.gites-en-alsace.com\\\/de\\\/unsere-gites-befinden-sich-in-der-stadt-turckheim\\\/#breadcrumb\"},\"inLanguage\":\"de\",\"potentialAction\":[{\"@type\":\"ReadAction\",\"target\":[\"https:\\\/\\\/www.gites-en-alsace.com\\\/de\\\/unsere-gites-befinden-sich-in-der-stadt-turckheim\\\/\"]}]},{\"@type\":\"ImageObject\",\"inLanguage\":\"de\",\"@id\":\"https:\\\/\\\/www.gites-en-alsace.com\\\/de\\\/unsere-gites-befinden-sich-in-der-stadt-turckheim\\\/#primaryimage\",\"url\":\"https:\\\/\\\/www.gites-en-alsace.com\\\/wp-content\\\/uploads\\\/2014\\\/11\\\/gite-veilleur-turckheim-alsace-vue-du-balcon.jpg\",\"contentUrl\":\"https:\\\/\\\/www.gites-en-alsace.com\\\/wp-content\\\/uploads\\\/2014\\\/11\\\/gite-veilleur-turckheim-alsace-vue-du-balcon.jpg\",\"width\":900,\"height\":460},{\"@type\":\"BreadcrumbList\",\"@id\":\"https:\\\/\\\/www.gites-en-alsace.com\\\/de\\\/unsere-gites-befinden-sich-in-der-stadt-turckheim\\\/#breadcrumb\",\"itemListElement\":[{\"@type\":\"ListItem\",\"position\":1,\"name\":\"Accueil\",\"item\":\"https:\\\/\\\/www.gites-en-alsace.com\\\/de\\\/startseite\\\/\"},{\"@type\":\"ListItem\",\"position\":2,\"name\":\"Unsere G\u00eetes befinden sich in der Stadt Turckheim.\"}]},{\"@type\":\"WebSite\",\"@id\":\"https:\\\/\\\/www.gites-en-alsace.com\\\/de\\\/#website\",\"url\":\"https:\\\/\\\/www.gites-en-alsace.com\\\/de\\\/\",\"name\":\"Ferienwohnungen in Elsass - Le Chemin de Ronde\",\"description\":\"Gites de Charmes - Turckheim\",\"publisher\":{\"@id\":\"https:\\\/\\\/www.gites-en-alsace.com\\\/de\\\/#organization\"},\"potentialAction\":[{\"@type\":\"SearchAction\",\"target\":{\"@type\":\"EntryPoint\",\"urlTemplate\":\"https:\\\/\\\/www.gites-en-alsace.com\\\/de\\\/?s={search_term_string}\"},\"query-input\":{\"@type\":\"PropertyValueSpecification\",\"valueRequired\":true,\"valueName\":\"search_term_string\"}}],\"inLanguage\":\"de\"},{\"@type\":\"Organization\",\"@id\":\"https:\\\/\\\/www.gites-en-alsace.com\\\/de\\\/#organization\",\"name\":\"Ferienwohnungen in Elsass - Le Chemin de Ronde\",\"url\":\"https:\\\/\\\/www.gites-en-alsace.com\\\/de\\\/\",\"logo\":{\"@type\":\"ImageObject\",\"inLanguage\":\"de\",\"@id\":\"https:\\\/\\\/www.gites-en-alsace.com\\\/de\\\/#\\\/schema\\\/logo\\\/image\\\/\",\"url\":\"https:\\\/\\\/www.gites-en-alsace.com\\\/wp-content\\\/uploads\\\/2023\\\/06\\\/lcdr-impression-scaled.jpg\",\"contentUrl\":\"https:\\\/\\\/www.gites-en-alsace.com\\\/wp-content\\\/uploads\\\/2023\\\/06\\\/lcdr-impression-scaled.jpg\",\"width\":2560,\"height\":699,\"caption\":\"Ferienwohnungen in Elsass - Le Chemin de Ronde\"},\"image\":{\"@id\":\"https:\\\/\\\/www.gites-en-alsace.com\\\/de\\\/#\\\/schema\\\/logo\\\/image\\\/\"},\"sameAs\":[\"https:\\\/\\\/www.facebook.com\\\/chemin.de.ronde\"]}]}<\/script>\n<!-- \/ Yoast SEO plugin. -->","yoast_head_json":{"title":"Aufenthalt in Turckheim - Unterk\u00fcnfte Le Chemin de Ronde","description":"Das Haus \"Le Chemin de Ronde\" ist an das Munstertor angebaut. Seien Sie dabei, wenn der letzte echte Nachtw\u00e4chter des Elsass in Turckheim seine Runden dreht.","robots":{"index":"index","follow":"follow","max-snippet":"max-snippet:-1","max-image-preview":"max-image-preview:large","max-video-preview":"max-video-preview:-1"},"canonical":"https:\/\/www.gites-en-alsace.com\/de\/unsere-gites-befinden-sich-in-der-stadt-turckheim\/","og_locale":"de_DE","og_type":"article","og_title":"Aufenthalt in Turckheim - Unterk\u00fcnfte Le Chemin de Ronde","og_description":"Das Haus \"Le Chemin de Ronde\" ist an das Munstertor angebaut. Seien Sie dabei, wenn der letzte echte Nachtw\u00e4chter des Elsass in Turckheim seine Runden dreht.","og_url":"https:\/\/www.gites-en-alsace.com\/de\/unsere-gites-befinden-sich-in-der-stadt-turckheim\/","og_site_name":"Ferienwohnungen in Elsass - Le Chemin de Ronde","article_publisher":"https:\/\/www.facebook.com\/chemin.de.ronde","article_modified_time":"2023-09-20T11:21:30+00:00","og_image":[{"width":900,"height":460,"url":"https:\/\/www.gites-en-alsace.com\/wp-content\/uploads\/2014\/11\/gite-veilleur-turckheim-alsace-vue-du-balcon.jpg","type":"image\/jpeg"}],"twitter_misc":{"Gesch\u00e4tzte Lesezeit":"3\u00a0Minuten"},"schema":{"@context":"https:\/\/schema.org","@graph":[{"@type":"WebPage","@id":"https:\/\/www.gites-en-alsace.com\/de\/unsere-gites-befinden-sich-in-der-stadt-turckheim\/","url":"https:\/\/www.gites-en-alsace.com\/de\/unsere-gites-befinden-sich-in-der-stadt-turckheim\/","name":"Aufenthalt in Turckheim - Unterk\u00fcnfte Le Chemin de Ronde","isPartOf":{"@id":"https:\/\/www.gites-en-alsace.com\/de\/#website"},"primaryImageOfPage":{"@id":"https:\/\/www.gites-en-alsace.com\/de\/unsere-gites-befinden-sich-in-der-stadt-turckheim\/#primaryimage"},"image":{"@id":"https:\/\/www.gites-en-alsace.com\/de\/unsere-gites-befinden-sich-in-der-stadt-turckheim\/#primaryimage"},"thumbnailUrl":"https:\/\/www.gites-en-alsace.com\/wp-content\/uploads\/2014\/11\/gite-veilleur-turckheim-alsace-vue-du-balcon.jpg","datePublished":"2014-11-07T15:46:05+00:00","dateModified":"2023-09-20T11:21:30+00:00","description":"Das Haus \"Le Chemin de Ronde\" ist an das Munstertor angebaut. Seien Sie dabei, wenn der letzte echte Nachtw\u00e4chter des Elsass in Turckheim seine Runden dreht.","breadcrumb":{"@id":"https:\/\/www.gites-en-alsace.com\/de\/unsere-gites-befinden-sich-in-der-stadt-turckheim\/#breadcrumb"},"inLanguage":"de","potentialAction":[{"@type":"ReadAction","target":["https:\/\/www.gites-en-alsace.com\/de\/unsere-gites-befinden-sich-in-der-stadt-turckheim\/"]}]},{"@type":"ImageObject","inLanguage":"de","@id":"https:\/\/www.gites-en-alsace.com\/de\/unsere-gites-befinden-sich-in-der-stadt-turckheim\/#primaryimage","url":"https:\/\/www.gites-en-alsace.com\/wp-content\/uploads\/2014\/11\/gite-veilleur-turckheim-alsace-vue-du-balcon.jpg","contentUrl":"https:\/\/www.gites-en-alsace.com\/wp-content\/uploads\/2014\/11\/gite-veilleur-turckheim-alsace-vue-du-balcon.jpg","width":900,"height":460},{"@type":"BreadcrumbList","@id":"https:\/\/www.gites-en-alsace.com\/de\/unsere-gites-befinden-sich-in-der-stadt-turckheim\/#breadcrumb","itemListElement":[{"@type":"ListItem","position":1,"name":"Accueil","item":"https:\/\/www.gites-en-alsace.com\/de\/startseite\/"},{"@type":"ListItem","position":2,"name":"Unsere G\u00eetes befinden sich in der Stadt Turckheim."}]},{"@type":"WebSite","@id":"https:\/\/www.gites-en-alsace.com\/de\/#website","url":"https:\/\/www.gites-en-alsace.com\/de\/","name":"Ferienwohnungen in Elsass - Le Chemin de Ronde","description":"Gites de Charmes - Turckheim","publisher":{"@id":"https:\/\/www.gites-en-alsace.com\/de\/#organization"},"potentialAction":[{"@type":"SearchAction","target":{"@type":"EntryPoint","urlTemplate":"https:\/\/www.gites-en-alsace.com\/de\/?s={search_term_string}"},"query-input":{"@type":"PropertyValueSpecification","valueRequired":true,"valueName":"search_term_string"}}],"inLanguage":"de"},{"@type":"Organization","@id":"https:\/\/www.gites-en-alsace.com\/de\/#organization","name":"Ferienwohnungen in Elsass - Le Chemin de Ronde","url":"https:\/\/www.gites-en-alsace.com\/de\/","logo":{"@type":"ImageObject","inLanguage":"de","@id":"https:\/\/www.gites-en-alsace.com\/de\/#\/schema\/logo\/image\/","url":"https:\/\/www.gites-en-alsace.com\/wp-content\/uploads\/2023\/06\/lcdr-impression-scaled.jpg","contentUrl":"https:\/\/www.gites-en-alsace.com\/wp-content\/uploads\/2023\/06\/lcdr-impression-scaled.jpg","width":2560,"height":699,"caption":"Ferienwohnungen in Elsass - Le Chemin de Ronde"},"image":{"@id":"https:\/\/www.gites-en-alsace.com\/de\/#\/schema\/logo\/image\/"},"sameAs":["https:\/\/www.facebook.com\/chemin.de.ronde"]}]}},"_links":{"self":[{"href":"https:\/\/www.gites-en-alsace.com\/de\/wp-json\/wp\/v2\/pages\/979","targetHints":{"allow":["GET"]}}],"collection":[{"href":"https:\/\/www.gites-en-alsace.com\/de\/wp-json\/wp\/v2\/pages"}],"about":[{"href":"https:\/\/www.gites-en-alsace.com\/de\/wp-json\/wp\/v2\/types\/page"}],"author":[{"embeddable":true,"href":"https:\/\/www.gites-en-alsace.com\/de\/wp-json\/wp\/v2\/users\/1"}],"replies":[{"embeddable":true,"href":"https:\/\/www.gites-en-alsace.com\/de\/wp-json\/wp\/v2\/comments?post=979"}],"version-history":[{"count":0,"href":"https:\/\/www.gites-en-alsace.com\/de\/wp-json\/wp\/v2\/pages\/979\/revisions"}],"wp:featuredmedia":[{"embeddable":true,"href":"https:\/\/www.gites-en-alsace.com\/de\/wp-json\/wp\/v2\/media\/708"}],"wp:attachment":[{"href":"https:\/\/www.gites-en-alsace.com\/de\/wp-json\/wp\/v2\/media?parent=979"}],"curies":[{"name":"wp","href":"https:\/\/api.w.org\/{rel}","templated":true}]}}