{"id":977,"date":"2014-11-10T07:52:08","date_gmt":"2014-11-10T06:52:08","guid":{"rendered":"https:\/\/www.gites-en-alsace.com\/allgemeine-geschaeftsbedingungen\/"},"modified":"2014-11-10T07:52:08","modified_gmt":"2014-11-10T06:52:08","slug":"allgemeine-geschaeftsbedingungen","status":"publish","type":"page","link":"https:\/\/www.gites-en-alsace.com\/de\/allgemeine-geschaeftsbedingungen\/","title":{"rendered":"Allgemeine Gesch\u00e4ftsbedingungen"},"content":{"rendered":"<p>Artikel 1 &#8211; Dauer des Aufenthalts : Der Mieter, der den vorliegenden, f\u00fcr eine bestimmte Dauer abgeschlossenen Vertrag unterzeichnet hat, kann sich unter keinen Umst\u00e4nden auf irgendein Recht berufen, nach Ablauf des Aufenthalts in den R\u00e4umlichkeiten zu verbleiben.<\/p>\n<p>Artikel 2 &#8211; Vertragsabschluss : Die Reservierung wird wirksam, sobald der Mieter dem Eigent\u00fcmer vor dem auf der Vorderseite angegebenen Datum eine Anzahlung von 50 % des Gesamtmietpreises und ein Exemplar des unterschriebenen Vertrags zugesandt hat. Ein zweites Exemplar ist vom Mieter aufzubewahren. Die zwischen den Parteien dieser Urkunde abgeschlossene Vermietung darf unter keinen Umst\u00e4nden auch nur teilweise Dritten, nat\u00fcrlichen oder juristischen Personen, zugutekommen, es sei denn, der Eigent\u00fcmer hat dem schriftlich zugestimmt. Jeder Versto\u00df gegen den letzten Absatz k\u00f6nnte zur sofortigen Beendigung des Mietverh\u00e4ltnisses zu Lasten des Mieters f\u00fchren, wobei der Erl\u00f6s des Mietverh\u00e4ltnisses endg\u00fcltig beim Eigent\u00fcmer verbleibt.<\/p>\n<p>Artikel 3 &#8211; Kein Widerrufsrecht: Bei Buchungen, die per Post, Telefon oder Internet get\u00e4tigt werden, gilt f\u00fcr den Mieter keine Widerrufsfrist, und zwar gem\u00e4\u00df Artikel Ll21-20-4 des Verbraucherschutzgesetzes, der sich insbesondere auf Unterkunftsdienstleistungen bezieht, die zu einem bestimmten Zeitpunkt oder in einer bestimmten Periodizit\u00e4t erbracht werden.<\/p>\n<p>Artikel 4 &#8211; Stornierung durch den Mieter: Jede Stornierung muss dem Vermieter per Einschreiben mitgeteilt werden.<\/p>\n<p>a) Stornierung vor Anreise :<br \/>\ndie Anzahlung verbleibt beim Eigent\u00fcmer. Dieser kann den Restbetrag des Aufenthalts verlangen, wenn die Stornierung weniger als 30 Tage vor dem geplanten Einzugstermin erfolgt. Wenn der Mieter sich nicht innerhalb von 24 Stunden nach dem im Vertrag angegebenen Ankunftsdatum meldet, wird der vorliegende Vertrag ung\u00fcltig und der Eigent\u00fcmer kann \u00fcber seine Unterkunft verf\u00fcgen. Die Anzahlung verbleibt ebenfalls beim Eigent\u00fcmer, der die Zahlung des Restbetrags f\u00fcr die Miete verlangt.<\/p>\n<p>b) Wenn der Aufenthalt verk\u00fcrzt wird, beh\u00e4lt der Eigent\u00fcmer den Mietpreis ein. Es werden keine R\u00fcckerstattungen vorgenommen.<\/p>\n<p>Artikel 5 &#8211; Stornierung durch den Eigent\u00fcmer: Der Eigent\u00fcmer zahlt dem Mieter alle gezahlten Betr\u00e4ge zur\u00fcck, sowie eine Entsch\u00e4digung, die mindestens derjenigen entspricht, die der Mieter getragen h\u00e4tte, wenn die Stornierung durch ihn zu diesem Zeitpunkt erfolgt w\u00e4re.<\/p>\n<p>Artikel 6 &#8211; Ankunft: Der Mieter muss am angegebenen Tag und zu der im vorliegenden Vertrag genannten Uhrzeit erscheinen. Im Falle einer versp\u00e4teten oder verz\u00f6gerten Ankunft muss der Mieter den Eigent\u00fcmer benachrichtigen.<\/p>\n<p>Artikel 7 &#8211; Restzahlung: Der Restbetrag des Mietpreises wird bei Einzug in die Unterkunft gezahlt.<\/p>\n<p>Artikel 8 &#8211; Kaution oder Garantie: Bei der Ankunft des Mieters wird vom Eigent\u00fcmer eine Kaution von 500 Euro verlangt. Nach der kontradiktorischen Erstellung des \u00dcbergabeprotokolls wird diese Kaution zur\u00fcckerstattet, abz\u00fcglich der Kosten f\u00fcr die Instandsetzung der R\u00e4umlichkeiten, falls Besch\u00e4digungen festgestellt wurden. Im Falle einer vorzeitigen Abreise (vor der in diesem Vertrag genannten Uhrzeit), die eine Bestandsaufnahme am Tag der Abreise des Mieters verhindert, wird die Kaution vom Vermieter innerhalb einer Frist von h\u00f6chstens einer Woche zur\u00fcckerstattet.<\/p>\n<p>Artikel 9 &#8211; Nutzung der R\u00e4umlichkeiten: Der Mieter muss den friedlichen Charakter des Mietobjekts gew\u00e4hrleisten und es entsprechend der Bestimmung der R\u00e4umlichkeiten nutzen.<\/p>\n<p>Artikel 10 &#8211; Kapazit\u00e4t: Der vorliegende Vertrag wird f\u00fcr eine maximale Kapazit\u00e4t von 4-6 Personen ausgestellt. Wenn die Anzahl der Mieter die Aufnahmekapazit\u00e4t \u00fcbersteigt, kann der Eigent\u00fcmer zus\u00e4tzliche Personen ablehnen. Jede \u00c4nderung oder Beendigung des Vertrags gilt als auf Initiative des Kunden erfolgt.<\/p>\n<p>Artikel 11 &#8211; Aufnahme von Tieren: Haustiere sind herzlich willkommen. Wir machen ihre Besitzer f\u00fcr ihr Verhalten gegen\u00fcber den Nachbarn verantwortlich. Jede Handlung, die die Nachbarschaft st\u00f6ren k\u00f6nnte, f\u00fchrt zur sofortigen Beendigung des Mietverh\u00e4ltnisses auf Kosten des Mieters, wobei der Erl\u00f6s aus dem Mietverh\u00e4ltnis endg\u00fcltig beim Eigent\u00fcmer verbleibt.<br \/>\nBei der Buchung muss der Kunde die Anzahl der Haustiere angeben, die ihn begleiten werden. Pro Tier wird ein Zuschlag von 10\u20ac erhoben.<\/p>\n<p>Artikel 12 &#8211; Versicherungen: Der Mieter haftet f\u00fcr alle Sch\u00e4den, die durch sein Handeln entstehen. Er muss gegen diese verschiedenen Risiken durch eine Versicherung vom Typ Ferienort versichert sein.<\/p>\n<p>Artikel 13 &#8211; Zahlung der Nebenkosten: Am Ende des Aufenthalts muss der Mieter dem Eigent\u00fcmer die nicht im Preis enthaltenen Nebenkosten zahlen. Ihre H\u00f6he richtet sich nach der Berechnungsgrundlage, die in diesem Vertrag und in der Beschreibung genannt wird, und ein Beleg wird vom Eigent\u00fcmer ausgeh\u00e4ndigt.<\/p>\n","protected":false},"excerpt":{"rendered":"<p>Artikel 1 &#8211; Dauer des Aufenthalts : Der Mieter, der den vorliegenden, f\u00fcr eine bestimmte Dauer abgeschlossenen Vertrag unterzeichnet hat, kann sich unter keinen Umst\u00e4nden auf irgendein Recht berufen, nach Ablauf des Aufenthalts in den R\u00e4umlichkeiten zu verbleiben. Artikel 2 &#8211; Vertragsabschluss : Die Reservierung wird wirksam, sobald der Mieter dem Eigent\u00fcmer vor dem auf &hellip; <a href=\"https:\/\/www.gites-en-alsace.com\/de\/allgemeine-geschaeftsbedingungen\/\">Continued<\/a><\/p>\n","protected":false},"author":1,"featured_media":0,"parent":0,"menu_order":0,"comment_status":"open","ping_status":"open","template":"","meta":{"footnotes":""},"class_list":["post-977","page","type-page","status-publish","hentry"],"yoast_head":"<!-- This site is optimized with the Yoast SEO plugin v27.5 - https:\/\/yoast.com\/product\/yoast-seo-wordpress\/ -->\n<title>Allgemeine Gesch\u00e4ftsbedingungen - Le Chemin de Ronde<\/title>\n<meta name=\"description\" content=\"Allgemeine Gesch\u00e4ftsbedingungen f\u00fcr die Ferienh\u00e4user &quot;Le Chemin de Ronde&quot; in Turckheim im Elsass. Die Buchung und Vermietung des Ferienhauses ist online m\u00f6glich.\" \/>\n<meta name=\"robots\" content=\"index, follow, max-snippet:-1, max-image-preview:large, max-video-preview:-1\" \/>\n<link rel=\"canonical\" href=\"https:\/\/www.gites-en-alsace.com\/de\/allgemeine-geschaeftsbedingungen\/\" \/>\n<meta property=\"og:locale\" content=\"de_DE\" \/>\n<meta property=\"og:type\" content=\"article\" \/>\n<meta property=\"og:title\" content=\"Allgemeine Gesch\u00e4ftsbedingungen - Le Chemin de Ronde\" \/>\n<meta property=\"og:description\" content=\"Allgemeine Gesch\u00e4ftsbedingungen f\u00fcr die Ferienh\u00e4user &quot;Le Chemin de Ronde&quot; in Turckheim im Elsass. Die Buchung und Vermietung des Ferienhauses ist online m\u00f6glich.\" \/>\n<meta property=\"og:url\" content=\"https:\/\/www.gites-en-alsace.com\/de\/allgemeine-geschaeftsbedingungen\/\" \/>\n<meta property=\"og:site_name\" content=\"Ferienwohnungen in Elsass - Le Chemin de Ronde\" \/>\n<meta property=\"article:publisher\" content=\"https:\/\/www.facebook.com\/chemin.de.ronde\" \/>\n<meta name=\"twitter:label1\" content=\"Gesch\u00e4tzte Lesezeit\" \/>\n\t<meta name=\"twitter:data1\" content=\"4\u00a0Minuten\" \/>\n<script type=\"application\/ld+json\" class=\"yoast-schema-graph\">{\"@context\":\"https:\\\/\\\/schema.org\",\"@graph\":[{\"@type\":\"WebPage\",\"@id\":\"https:\\\/\\\/www.gites-en-alsace.com\\\/de\\\/allgemeine-geschaeftsbedingungen\\\/\",\"url\":\"https:\\\/\\\/www.gites-en-alsace.com\\\/de\\\/allgemeine-geschaeftsbedingungen\\\/\",\"name\":\"Allgemeine Gesch\u00e4ftsbedingungen - Le Chemin de Ronde\",\"isPartOf\":{\"@id\":\"https:\\\/\\\/www.gites-en-alsace.com\\\/de\\\/#website\"},\"datePublished\":\"2014-11-10T06:52:08+00:00\",\"description\":\"Allgemeine Gesch\u00e4ftsbedingungen f\u00fcr die Ferienh\u00e4user \\\"Le Chemin de Ronde\\\" in Turckheim im Elsass. Die Buchung und Vermietung des Ferienhauses ist online m\u00f6glich.\",\"breadcrumb\":{\"@id\":\"https:\\\/\\\/www.gites-en-alsace.com\\\/de\\\/allgemeine-geschaeftsbedingungen\\\/#breadcrumb\"},\"inLanguage\":\"de\",\"potentialAction\":[{\"@type\":\"ReadAction\",\"target\":[\"https:\\\/\\\/www.gites-en-alsace.com\\\/de\\\/allgemeine-geschaeftsbedingungen\\\/\"]}]},{\"@type\":\"BreadcrumbList\",\"@id\":\"https:\\\/\\\/www.gites-en-alsace.com\\\/de\\\/allgemeine-geschaeftsbedingungen\\\/#breadcrumb\",\"itemListElement\":[{\"@type\":\"ListItem\",\"position\":1,\"name\":\"Accueil\",\"item\":\"https:\\\/\\\/www.gites-en-alsace.com\\\/de\\\/startseite\\\/\"},{\"@type\":\"ListItem\",\"position\":2,\"name\":\"Allgemeine Gesch\u00e4ftsbedingungen\"}]},{\"@type\":\"WebSite\",\"@id\":\"https:\\\/\\\/www.gites-en-alsace.com\\\/de\\\/#website\",\"url\":\"https:\\\/\\\/www.gites-en-alsace.com\\\/de\\\/\",\"name\":\"Ferienwohnungen in Elsass - Le Chemin de Ronde\",\"description\":\"Gites de Charmes - Turckheim\",\"publisher\":{\"@id\":\"https:\\\/\\\/www.gites-en-alsace.com\\\/de\\\/#organization\"},\"potentialAction\":[{\"@type\":\"SearchAction\",\"target\":{\"@type\":\"EntryPoint\",\"urlTemplate\":\"https:\\\/\\\/www.gites-en-alsace.com\\\/de\\\/?s={search_term_string}\"},\"query-input\":{\"@type\":\"PropertyValueSpecification\",\"valueRequired\":true,\"valueName\":\"search_term_string\"}}],\"inLanguage\":\"de\"},{\"@type\":\"Organization\",\"@id\":\"https:\\\/\\\/www.gites-en-alsace.com\\\/de\\\/#organization\",\"name\":\"Ferienwohnungen in Elsass - Le Chemin de Ronde\",\"url\":\"https:\\\/\\\/www.gites-en-alsace.com\\\/de\\\/\",\"logo\":{\"@type\":\"ImageObject\",\"inLanguage\":\"de\",\"@id\":\"https:\\\/\\\/www.gites-en-alsace.com\\\/de\\\/#\\\/schema\\\/logo\\\/image\\\/\",\"url\":\"https:\\\/\\\/www.gites-en-alsace.com\\\/wp-content\\\/uploads\\\/2023\\\/06\\\/lcdr-impression-scaled.jpg\",\"contentUrl\":\"https:\\\/\\\/www.gites-en-alsace.com\\\/wp-content\\\/uploads\\\/2023\\\/06\\\/lcdr-impression-scaled.jpg\",\"width\":2560,\"height\":699,\"caption\":\"Ferienwohnungen in Elsass - Le Chemin de Ronde\"},\"image\":{\"@id\":\"https:\\\/\\\/www.gites-en-alsace.com\\\/de\\\/#\\\/schema\\\/logo\\\/image\\\/\"},\"sameAs\":[\"https:\\\/\\\/www.facebook.com\\\/chemin.de.ronde\"]}]}<\/script>\n<!-- \/ Yoast SEO plugin. -->","yoast_head_json":{"title":"Allgemeine Gesch\u00e4ftsbedingungen - Le Chemin de Ronde","description":"Allgemeine Gesch\u00e4ftsbedingungen f\u00fcr die Ferienh\u00e4user \"Le Chemin de Ronde\" in Turckheim im Elsass. Die Buchung und Vermietung des Ferienhauses ist online m\u00f6glich.","robots":{"index":"index","follow":"follow","max-snippet":"max-snippet:-1","max-image-preview":"max-image-preview:large","max-video-preview":"max-video-preview:-1"},"canonical":"https:\/\/www.gites-en-alsace.com\/de\/allgemeine-geschaeftsbedingungen\/","og_locale":"de_DE","og_type":"article","og_title":"Allgemeine Gesch\u00e4ftsbedingungen - Le Chemin de Ronde","og_description":"Allgemeine Gesch\u00e4ftsbedingungen f\u00fcr die Ferienh\u00e4user \"Le Chemin de Ronde\" in Turckheim im Elsass. Die Buchung und Vermietung des Ferienhauses ist online m\u00f6glich.","og_url":"https:\/\/www.gites-en-alsace.com\/de\/allgemeine-geschaeftsbedingungen\/","og_site_name":"Ferienwohnungen in Elsass - Le Chemin de Ronde","article_publisher":"https:\/\/www.facebook.com\/chemin.de.ronde","twitter_misc":{"Gesch\u00e4tzte Lesezeit":"4\u00a0Minuten"},"schema":{"@context":"https:\/\/schema.org","@graph":[{"@type":"WebPage","@id":"https:\/\/www.gites-en-alsace.com\/de\/allgemeine-geschaeftsbedingungen\/","url":"https:\/\/www.gites-en-alsace.com\/de\/allgemeine-geschaeftsbedingungen\/","name":"Allgemeine Gesch\u00e4ftsbedingungen - Le Chemin de Ronde","isPartOf":{"@id":"https:\/\/www.gites-en-alsace.com\/de\/#website"},"datePublished":"2014-11-10T06:52:08+00:00","description":"Allgemeine Gesch\u00e4ftsbedingungen f\u00fcr die Ferienh\u00e4user \"Le Chemin de Ronde\" in Turckheim im Elsass. Die Buchung und Vermietung des Ferienhauses ist online m\u00f6glich.","breadcrumb":{"@id":"https:\/\/www.gites-en-alsace.com\/de\/allgemeine-geschaeftsbedingungen\/#breadcrumb"},"inLanguage":"de","potentialAction":[{"@type":"ReadAction","target":["https:\/\/www.gites-en-alsace.com\/de\/allgemeine-geschaeftsbedingungen\/"]}]},{"@type":"BreadcrumbList","@id":"https:\/\/www.gites-en-alsace.com\/de\/allgemeine-geschaeftsbedingungen\/#breadcrumb","itemListElement":[{"@type":"ListItem","position":1,"name":"Accueil","item":"https:\/\/www.gites-en-alsace.com\/de\/startseite\/"},{"@type":"ListItem","position":2,"name":"Allgemeine Gesch\u00e4ftsbedingungen"}]},{"@type":"WebSite","@id":"https:\/\/www.gites-en-alsace.com\/de\/#website","url":"https:\/\/www.gites-en-alsace.com\/de\/","name":"Ferienwohnungen in Elsass - Le Chemin de Ronde","description":"Gites de Charmes - Turckheim","publisher":{"@id":"https:\/\/www.gites-en-alsace.com\/de\/#organization"},"potentialAction":[{"@type":"SearchAction","target":{"@type":"EntryPoint","urlTemplate":"https:\/\/www.gites-en-alsace.com\/de\/?s={search_term_string}"},"query-input":{"@type":"PropertyValueSpecification","valueRequired":true,"valueName":"search_term_string"}}],"inLanguage":"de"},{"@type":"Organization","@id":"https:\/\/www.gites-en-alsace.com\/de\/#organization","name":"Ferienwohnungen in Elsass - Le Chemin de Ronde","url":"https:\/\/www.gites-en-alsace.com\/de\/","logo":{"@type":"ImageObject","inLanguage":"de","@id":"https:\/\/www.gites-en-alsace.com\/de\/#\/schema\/logo\/image\/","url":"https:\/\/www.gites-en-alsace.com\/wp-content\/uploads\/2023\/06\/lcdr-impression-scaled.jpg","contentUrl":"https:\/\/www.gites-en-alsace.com\/wp-content\/uploads\/2023\/06\/lcdr-impression-scaled.jpg","width":2560,"height":699,"caption":"Ferienwohnungen in Elsass - Le Chemin de Ronde"},"image":{"@id":"https:\/\/www.gites-en-alsace.com\/de\/#\/schema\/logo\/image\/"},"sameAs":["https:\/\/www.facebook.com\/chemin.de.ronde"]}]}},"_links":{"self":[{"href":"https:\/\/www.gites-en-alsace.com\/de\/wp-json\/wp\/v2\/pages\/977","targetHints":{"allow":["GET"]}}],"collection":[{"href":"https:\/\/www.gites-en-alsace.com\/de\/wp-json\/wp\/v2\/pages"}],"about":[{"href":"https:\/\/www.gites-en-alsace.com\/de\/wp-json\/wp\/v2\/types\/page"}],"author":[{"embeddable":true,"href":"https:\/\/www.gites-en-alsace.com\/de\/wp-json\/wp\/v2\/users\/1"}],"replies":[{"embeddable":true,"href":"https:\/\/www.gites-en-alsace.com\/de\/wp-json\/wp\/v2\/comments?post=977"}],"version-history":[{"count":0,"href":"https:\/\/www.gites-en-alsace.com\/de\/wp-json\/wp\/v2\/pages\/977\/revisions"}],"wp:attachment":[{"href":"https:\/\/www.gites-en-alsace.com\/de\/wp-json\/wp\/v2\/media?parent=977"}],"curies":[{"name":"wp","href":"https:\/\/api.w.org\/{rel}","templated":true}]}}